{"id":2391,"date":"2021-10-13T00:59:36","date_gmt":"2021-10-12T22:59:36","guid":{"rendered":"https:\/\/emeraldtours.pl\/o-nas\/"},"modified":"2026-03-17T15:36:05","modified_gmt":"2026-03-17T14:36:05","slug":"about-us","status":"publish","type":"page","link":"https:\/\/thecinnamontours.pl\/en\/about-us\/","title":{"rendered":"About us"},"content":{"rendered":"\t\t<div data-elementor-type=\"wp-page\" data-elementor-id=\"2391\" class=\"elementor elementor-2391 elementor-522\">\n\t\t\t\t\t\t<section class=\"elementor-section elementor-top-section elementor-element elementor-element-cae5899 elementor-section-content-top elementor-reverse-mobile elementor-section-boxed elementor-section-height-default elementor-section-height-default\" data-id=\"cae5899\" data-element_type=\"section\" data-settings=\"{&quot;background_background&quot;:&quot;classic&quot;}\">\n\t\t\t\t\t\t<div class=\"elementor-container elementor-column-gap-no\">\n\t\t\t\t\t<div class=\"elementor-column elementor-col-50 elementor-top-column elementor-element elementor-element-0f53606\" data-id=\"0f53606\" data-element_type=\"column\">\n\t\t\t<div class=\"elementor-widget-wrap elementor-element-populated\">\n\t\t\t\t\t\t<div class=\"elementor-element elementor-element-929e5aa elementor-widget elementor-widget-image\" data-id=\"929e5aa\" data-element_type=\"widget\" data-widget_type=\"image.default\">\n\t\t\t\t<div class=\"elementor-widget-container\">\n\t\t\t<style>\/*! elementor - v3.23.0 - 15-07-2024 *\/\n.elementor-widget-image{text-align:center}.elementor-widget-image a{display:inline-block}.elementor-widget-image a img[src$=\".svg\"]{width:48px}.elementor-widget-image img{vertical-align:middle;display:inline-block}<\/style>\t\t\t\t\t\t\t\t\t\t<img fetchpriority=\"high\" decoding=\"async\" width=\"1256\" height=\"2048\" src=\"https:\/\/thecinnamontours.pl\/wp-content\/uploads\/2026\/03\/Lilu-Buddhi-Hanoi-1.jpeg\" class=\"attachment-full size-full wp-image-6861\" alt=\"\" srcset=\"https:\/\/thecinnamontours.pl\/wp-content\/uploads\/2026\/03\/Lilu-Buddhi-Hanoi-1.jpeg 1256w, https:\/\/thecinnamontours.pl\/wp-content\/uploads\/2026\/03\/Lilu-Buddhi-Hanoi-1-184x300.jpeg 184w, https:\/\/thecinnamontours.pl\/wp-content\/uploads\/2026\/03\/Lilu-Buddhi-Hanoi-1-662x1080.jpeg 662w, https:\/\/thecinnamontours.pl\/wp-content\/uploads\/2026\/03\/Lilu-Buddhi-Hanoi-1-768x1252.jpeg 768w, https:\/\/thecinnamontours.pl\/wp-content\/uploads\/2026\/03\/Lilu-Buddhi-Hanoi-1-942x1536.jpeg 942w\" sizes=\"(max-width: 1256px) 100vw, 1256px\" \/>\t\t\t\t\t\t\t\t\t\t\t\t\t<\/div>\n\t\t\t\t<\/div>\n\t\t\t\t<div class=\"elementor-element elementor-element-ef31838 elementor-widget elementor-widget-heading\" data-id=\"ef31838\" data-element_type=\"widget\" data-widget_type=\"heading.default\">\n\t\t\t\t<div class=\"elementor-widget-container\">\n\t\t\t<style>\/*! elementor - v3.23.0 - 15-07-2024 *\/\n.elementor-heading-title{padding:0;margin:0;line-height:1}.elementor-widget-heading .elementor-heading-title[class*=elementor-size-]>a{color:inherit;font-size:inherit;line-height:inherit}.elementor-widget-heading .elementor-heading-title.elementor-size-small{font-size:15px}.elementor-widget-heading .elementor-heading-title.elementor-size-medium{font-size:19px}.elementor-widget-heading .elementor-heading-title.elementor-size-large{font-size:29px}.elementor-widget-heading .elementor-heading-title.elementor-size-xl{font-size:39px}.elementor-widget-heading .elementor-heading-title.elementor-size-xxl{font-size:59px}<\/style><h1 class=\"elementor-heading-title elementor-size-default\">Mission<\/h1>\t\t<\/div>\n\t\t\t\t<\/div>\n\t\t\t\t<div class=\"elementor-element elementor-element-e7aeb7d elementor-widget elementor-widget-text-editor\" data-id=\"e7aeb7d\" data-element_type=\"widget\" data-widget_type=\"text-editor.default\">\n\t\t\t\t<div class=\"elementor-widget-container\">\n\t\t\t<style>\/*! elementor - v3.23.0 - 15-07-2024 *\/\n.elementor-widget-text-editor.elementor-drop-cap-view-stacked .elementor-drop-cap{background-color:#69727d;color:#fff}.elementor-widget-text-editor.elementor-drop-cap-view-framed .elementor-drop-cap{color:#69727d;border:3px solid;background-color:transparent}.elementor-widget-text-editor:not(.elementor-drop-cap-view-default) .elementor-drop-cap{margin-top:8px}.elementor-widget-text-editor:not(.elementor-drop-cap-view-default) .elementor-drop-cap-letter{width:1em;height:1em}.elementor-widget-text-editor .elementor-drop-cap{float:left;text-align:center;line-height:1;font-size:50px}.elementor-widget-text-editor .elementor-drop-cap-letter{display:inline-block}<\/style>\t\t\t\t<p><strong>Our mission is to create unforgettable journeys<\/strong> that combine quality, comfort, and a personalized approach to each client. We strive to deliver exceptional experiences that will last a lifetime, discovering the beauty of the world in a way tailored to the individual needs and dreams of each traveler. <\/p>\n\t\t\t\t\t\t<\/div>\n\t\t\t\t<\/div>\n\t\t\t\t<div class=\"elementor-element elementor-element-6e9624a elementor-widget elementor-widget-heading\" data-id=\"6e9624a\" data-element_type=\"widget\" data-widget_type=\"heading.default\">\n\t\t\t\t<div class=\"elementor-widget-container\">\n\t\t\t<h1 class=\"elementor-heading-title elementor-size-default\">Vision<\/h1>\t\t<\/div>\n\t\t\t\t<\/div>\n\t\t\t\t<div class=\"elementor-element elementor-element-5da1d18 elementor-widget elementor-widget-text-editor\" data-id=\"5da1d18\" data-element_type=\"widget\" data-widget_type=\"text-editor.default\">\n\t\t\t\t<div class=\"elementor-widget-container\">\n\t\t\t\t\t\t\t<p><b>We want to become a leading travel agency, known for the highest standards of service, a unique approach to customers, and travel plans tailored to individual needs.<\/b> Our goal is to inspire people to explore the world in an authentic, safe and joyful way, becoming a partner that makes their dreams of the perfect vacation come true.<\/p>\n\t\t\t\t\t\t<\/div>\n\t\t\t\t<\/div>\n\t\t\t\t<div class=\"elementor-element elementor-element-ce76aed elementor-widget elementor-widget-heading\" data-id=\"ce76aed\" data-element_type=\"widget\" data-widget_type=\"heading.default\">\n\t\t\t\t<div class=\"elementor-widget-container\">\n\t\t\t<h1 class=\"elementor-heading-title elementor-size-default\">Values<\/h1>\t\t<\/div>\n\t\t\t\t<\/div>\n\t\t\t\t<div class=\"elementor-element elementor-element-6a157dc elementor-widget elementor-widget-text-editor\" data-id=\"6a157dc\" data-element_type=\"widget\" data-widget_type=\"text-editor.default\">\n\t\t\t\t<div class=\"elementor-widget-container\">\n\t\t\t\t\t\t\t<ol>\n<li><strong>Individual approach <\/strong>\u2013 Every trip is different, so we create plans tailored to the needs, interests, and budget of our clients.<\/li>\n<li><strong>Quality and reliability<\/strong> \u2013 We pay attention to every detail, collaborating with trusted partners and offering proven services at the highest level.<\/li>\n<li><strong>Passion for travel <\/strong>\u2013 We love what we do and believe that travel changes lives, which is why we want to share our knowledge and experience.<\/li>\n<li><strong>Responsibility <\/strong>\u2013 We support sustainable tourism and ensure that our activities have a positive impact on local communities and the environment.<\/li>\n<li><strong>Zaufanie<\/strong> \u2013 Budujemy trwa\u0142e relacje z naszymi klientami, oferuj\u0105c przejrzysto\u015b\u0107, uczciwo\u015b\u0107 i pe\u0142ne wsparcie na ka\u017cdym etapie podr\u00f3\u017cy.<\/li>\n<\/ol>\n\t\t\t\t\t\t<\/div>\n\t\t\t\t<\/div>\n\t\t\t\t<section class=\"elementor-section elementor-inner-section elementor-element elementor-element-6e9ed33 elementor-section-boxed elementor-section-height-default elementor-section-height-default\" data-id=\"6e9ed33\" data-element_type=\"section\">\n\t\t\t\t\t\t<div class=\"elementor-container elementor-column-gap-default\">\n\t\t\t\t\t<div class=\"elementor-column elementor-col-50 elementor-inner-column elementor-element elementor-element-9bbc888\" data-id=\"9bbc888\" data-element_type=\"column\">\n\t\t\t<div class=\"elementor-widget-wrap elementor-element-populated\">\n\t\t\t\t\t\t<div class=\"elementor-element elementor-element-c1c2c5d elementor-widget elementor-widget-counter\" data-id=\"c1c2c5d\" data-element_type=\"widget\" data-widget_type=\"counter.default\">\n\t\t\t\t<div class=\"elementor-widget-container\">\n\t\t\t<style>\/*! elementor - v3.23.0 - 15-07-2024 *\/\n.elementor-counter{display:flex;justify-content:center;align-items:stretch;flex-direction:column-reverse}.elementor-counter .elementor-counter-number{flex-grow:var(--counter-number-grow,0)}.elementor-counter .elementor-counter-number-wrapper{flex:1;display:flex;font-size:69px;font-weight:600;line-height:1;text-align:center}.elementor-counter .elementor-counter-number-prefix{text-align:end;flex-grow:var(--counter-prefix-grow,1);white-space:pre-wrap}.elementor-counter .elementor-counter-number-suffix{text-align:start;flex-grow:var(--counter-suffix-grow,1);white-space:pre-wrap}.elementor-counter .elementor-counter-title{flex:1;display:flex;justify-content:center;align-items:center;margin:0;padding:0;font-size:19px;font-weight:400;line-height:2.5}<\/style>\t\t<div class=\"elementor-counter\">\n\t\t\t<div class=\"elementor-counter-title\">years of experience<\/div>\t\t\t<div class=\"elementor-counter-number-wrapper\">\n\t\t\t\t<span class=\"elementor-counter-number-prefix\"><\/span>\n\t\t\t\t<span class=\"elementor-counter-number\" data-duration=\"2000\" data-to-value=\"8\" data-from-value=\"0\" data-delimiter=\",\">0<\/span>\n\t\t\t\t<span class=\"elementor-counter-number-suffix\"><\/span>\n\t\t\t<\/div>\n\t\t<\/div>\n\t\t\t\t<\/div>\n\t\t\t\t<\/div>\n\t\t\t\t\t<\/div>\n\t\t<\/div>\n\t\t\t\t<div class=\"elementor-column elementor-col-50 elementor-inner-column elementor-element elementor-element-b888694\" data-id=\"b888694\" data-element_type=\"column\">\n\t\t\t<div class=\"elementor-widget-wrap elementor-element-populated\">\n\t\t\t\t\t\t<div class=\"elementor-element elementor-element-072d249 elementor-widget elementor-widget-counter\" data-id=\"072d249\" data-element_type=\"widget\" data-widget_type=\"counter.default\">\n\t\t\t\t<div class=\"elementor-widget-container\">\n\t\t\t\t\t<div class=\"elementor-counter\">\n\t\t\t<div class=\"elementor-counter-title\">destinations<\/div>\t\t\t<div class=\"elementor-counter-number-wrapper\">\n\t\t\t\t<span class=\"elementor-counter-number-prefix\"><\/span>\n\t\t\t\t<span class=\"elementor-counter-number\" data-duration=\"2000\" data-to-value=\"5\" data-from-value=\"0\" data-delimiter=\",\">0<\/span>\n\t\t\t\t<span class=\"elementor-counter-number-suffix\"><\/span>\n\t\t\t<\/div>\n\t\t<\/div>\n\t\t\t\t<\/div>\n\t\t\t\t<\/div>\n\t\t\t\t\t<\/div>\n\t\t<\/div>\n\t\t\t\t\t<\/div>\n\t\t<\/section>\n\t\t\t\t<div class=\"elementor-element elementor-element-f7a29cb elementor-widget elementor-widget-spacer\" data-id=\"f7a29cb\" data-element_type=\"widget\" data-widget_type=\"spacer.default\">\n\t\t\t\t<div class=\"elementor-widget-container\">\n\t\t\t<style>\/*! elementor - v3.23.0 - 15-07-2024 *\/\n.elementor-column .elementor-spacer-inner{height:var(--spacer-size)}.e-con{--container-widget-width:100%}.e-con-inner>.elementor-widget-spacer,.e-con>.elementor-widget-spacer{width:var(--container-widget-width,var(--spacer-size));--align-self:var(--container-widget-align-self,initial);--flex-shrink:0}.e-con-inner>.elementor-widget-spacer>.elementor-widget-container,.e-con>.elementor-widget-spacer>.elementor-widget-container{height:100%;width:100%}.e-con-inner>.elementor-widget-spacer>.elementor-widget-container>.elementor-spacer,.e-con>.elementor-widget-spacer>.elementor-widget-container>.elementor-spacer{height:100%}.e-con-inner>.elementor-widget-spacer>.elementor-widget-container>.elementor-spacer>.elementor-spacer-inner,.e-con>.elementor-widget-spacer>.elementor-widget-container>.elementor-spacer>.elementor-spacer-inner{height:var(--container-widget-height,var(--spacer-size))}.e-con-inner>.elementor-widget-spacer.elementor-widget-empty,.e-con>.elementor-widget-spacer.elementor-widget-empty{position:relative;min-height:22px;min-width:22px}.e-con-inner>.elementor-widget-spacer.elementor-widget-empty .elementor-widget-empty-icon,.e-con>.elementor-widget-spacer.elementor-widget-empty .elementor-widget-empty-icon{position:absolute;top:0;bottom:0;left:0;right:0;margin:auto;padding:0;width:22px;height:22px}<\/style>\t\t<div class=\"elementor-spacer\">\n\t\t\t<div class=\"elementor-spacer-inner\"><\/div>\n\t\t<\/div>\n\t\t\t\t<\/div>\n\t\t\t\t<\/div>\n\t\t\t\t<section class=\"elementor-section elementor-inner-section elementor-element elementor-element-94d31b4 elementor-section-boxed elementor-section-height-default elementor-section-height-default\" data-id=\"94d31b4\" data-element_type=\"section\">\n\t\t\t\t\t\t<div class=\"elementor-container elementor-column-gap-default\">\n\t\t\t\t\t<div class=\"elementor-column elementor-col-50 elementor-inner-column elementor-element elementor-element-265ce4d\" data-id=\"265ce4d\" data-element_type=\"column\">\n\t\t\t<div class=\"elementor-widget-wrap elementor-element-populated\">\n\t\t\t\t\t\t<div class=\"elementor-element elementor-element-05e7656 elementor-widget elementor-widget-counter\" data-id=\"05e7656\" data-element_type=\"widget\" data-widget_type=\"counter.default\">\n\t\t\t\t<div class=\"elementor-widget-container\">\n\t\t\t\t\t<div class=\"elementor-counter\">\n\t\t\t<div class=\"elementor-counter-title\">Satisfied guests<\/div>\t\t\t<div class=\"elementor-counter-number-wrapper\">\n\t\t\t\t<span class=\"elementor-counter-number-prefix\"><\/span>\n\t\t\t\t<span class=\"elementor-counter-number\" data-duration=\"2000\" data-to-value=\"5000\" data-from-value=\"0\" data-delimiter=\",\">0<\/span>\n\t\t\t\t<span class=\"elementor-counter-number-suffix\"><\/span>\n\t\t\t<\/div>\n\t\t<\/div>\n\t\t\t\t<\/div>\n\t\t\t\t<\/div>\n\t\t\t\t\t<\/div>\n\t\t<\/div>\n\t\t\t\t<div class=\"elementor-column elementor-col-50 elementor-inner-column elementor-element elementor-element-d82d4ff\" data-id=\"d82d4ff\" data-element_type=\"column\">\n\t\t\t<div class=\"elementor-widget-wrap elementor-element-populated\">\n\t\t\t\t\t\t<div class=\"elementor-element elementor-element-486e632 elementor-widget elementor-widget-counter\" data-id=\"486e632\" data-element_type=\"widget\" data-widget_type=\"counter.default\">\n\t\t\t\t<div class=\"elementor-widget-container\">\n\t\t\t\t\t<div class=\"elementor-counter\">\n\t\t\t<div class=\"elementor-counter-title\">tours<\/div>\t\t\t<div class=\"elementor-counter-number-wrapper\">\n\t\t\t\t<span class=\"elementor-counter-number-prefix\"><\/span>\n\t\t\t\t<span class=\"elementor-counter-number\" data-duration=\"2000\" data-to-value=\"300\" data-from-value=\"\" data-delimiter=\",\"><\/span>\n\t\t\t\t<span class=\"elementor-counter-number-suffix\"><\/span>\n\t\t\t<\/div>\n\t\t<\/div>\n\t\t\t\t<\/div>\n\t\t\t\t<\/div>\n\t\t\t\t\t<\/div>\n\t\t<\/div>\n\t\t\t\t\t<\/div>\n\t\t<\/section>\n\t\t\t\t\t<\/div>\n\t\t<\/div>\n\t\t\t\t<div class=\"elementor-column elementor-col-50 elementor-top-column elementor-element elementor-element-6dffb40\" data-id=\"6dffb40\" data-element_type=\"column\">\n\t\t\t<div class=\"elementor-widget-wrap elementor-element-populated\">\n\t\t\t\t\t\t<div class=\"elementor-element elementor-element-46966053 elementor-widget elementor-widget-heading\" data-id=\"46966053\" data-element_type=\"widget\" data-widget_type=\"heading.default\">\n\t\t\t\t<div class=\"elementor-widget-container\">\n\t\t\t<h1 class=\"elementor-heading-title elementor-size-default\">About us<\/h1>\t\t<\/div>\n\t\t\t\t<\/div>\n\t\t\t\t<div class=\"elementor-element elementor-element-274fbbd9 elementor-widget elementor-widget-text-editor\" data-id=\"274fbbd9\" data-element_type=\"widget\" data-widget_type=\"text-editor.default\">\n\t\t\t\t<div class=\"elementor-widget-container\">\n\t\t\t\t\t\t\t<p><b>Cinnamon Tours PVT LTD<\/b> is a travel agency registered in Sri Lanka by a Polish-Sri Lankan team of travel enthusiasts and positive experiences. For over eight years, we have been organizing trips to Sri Lanka, the Maldives, Vietnam, Cambodia, and Laos, showcasing their unique facets and magic in all their glory. <\/p>\n<p><span style=\"color: #2d3748;\">We want your trip with us to be called <br \/><b>&#8220;The trip of a lifetime,&#8221;<\/b> so our offer is tailored to your needs and expectations. It&#8217;s our priority to ensure that each of our destinations captures a piece of your heart, just as it captured ours. <\/span><\/p>\n<p><span style=\"color: #2d3748;\">The owners of this positive mess, <br \/>Lila Mordak &amp; Buddhika Athukorala<\/span><\/p>\n\t\t\t\t\t\t<\/div>\n\t\t\t\t<\/div>\n\t\t\t\t<div class=\"elementor-element elementor-element-6567ddd elementor-widget elementor-widget-image\" data-id=\"6567ddd\" data-element_type=\"widget\" data-widget_type=\"image.default\">\n\t\t\t\t<div class=\"elementor-widget-container\">\n\t\t\t\t\t\t\t\t\t\t\t\t\t<img decoding=\"async\" width=\"1536\" height=\"2048\" src=\"https:\/\/thecinnamontours.pl\/wp-content\/uploads\/2026\/03\/Lilu-and-Buddhi-Maldives.jpeg\" class=\"attachment-full size-full wp-image-6866\" alt=\"\" srcset=\"https:\/\/thecinnamontours.pl\/wp-content\/uploads\/2026\/03\/Lilu-and-Buddhi-Maldives.jpeg 1536w, https:\/\/thecinnamontours.pl\/wp-content\/uploads\/2026\/03\/Lilu-and-Buddhi-Maldives-225x300.jpeg 225w, https:\/\/thecinnamontours.pl\/wp-content\/uploads\/2026\/03\/Lilu-and-Buddhi-Maldives-810x1080.jpeg 810w, https:\/\/thecinnamontours.pl\/wp-content\/uploads\/2026\/03\/Lilu-and-Buddhi-Maldives-768x1024.jpeg 768w, https:\/\/thecinnamontours.pl\/wp-content\/uploads\/2026\/03\/Lilu-and-Buddhi-Maldives-1152x1536.jpeg 1152w\" sizes=\"(max-width: 1536px) 100vw, 1536px\" \/>\t\t\t\t\t\t\t\t\t\t\t\t\t<\/div>\n\t\t\t\t<\/div>\n\t\t\t\t<div class=\"elementor-element elementor-element-c358d47 elementor-widget__width-initial elementor-widget elementor-widget-text-editor\" data-id=\"c358d47\" data-element_type=\"widget\" data-widget_type=\"text-editor.default\">\n\t\t\t\t<div class=\"elementor-widget-container\">\n\t\t\t\t\t\t\t<p>We want you to feel <strong>comfortable &nbsp;<\/strong>and be able to&nbsp;<strong>fully enjoy the charm of Sri Lanka<\/strong>.&nbsp;We realize that&nbsp;not knowing the language&nbsp;can be&nbsp;an unnecessary stress factor, and we don&#8217;t want them on our dream vacation. Therefore, &nbsp;<strong>For each trip<\/strong>&nbsp;it is possible to purchase&nbsp;<strong>the services of a Polish guide-translator <\/strong>who&nbsp;<strong>zadba o Was&nbsp;od momentu&nbsp;spotkania na lotnisku,&nbsp;przez wsparcie przez ca\u0142y okres trwania wycieczki,&nbsp;a\u017c do&nbsp;powrotu na ustalone lotnisko.<\/strong><br>Koszt ustalany jest indywidualnie w zale\u017cno\u015bci od oferty i miejsca wylotu.<\/p>\n<p>We also want everyone to have access to us, so if you want to use our services but&nbsp;<strong>are having trouble booking flights<\/strong>&nbsp;\u2014we&#8217;re here to help!&nbsp;&nbsp;<br><strong>We&#8217;ll be happy to help you find the right flights.<\/strong><\/p>\t\t\t\t\t\t<\/div>\n\t\t\t\t<\/div>\n\t\t\t\t<div class=\"elementor-element elementor-element-c61c756 elementor-widget elementor-widget-text-editor\" data-id=\"c61c756\" data-element_type=\"widget\" data-widget_type=\"text-editor.default\">\n\t\t\t\t<div class=\"elementor-widget-container\">\n\t\t\t\t\t\t\t<p><strong>We treat each of our guests individually<\/strong>. Already during the first conversation, we carefully check whether you expect a quiet holiday on the beach, visiting monuments, or maybe crazy experiences that will remain in your memory for a long time.<\/p>\n<p><strong>We will take care of the organization of each trip,<\/strong> from airport pickup, through transfers, drivers, cars or buses, hotel reservations, reservations and purchase of tickets for additional attractions, optional trips and many other topics &#8211; <strong>we will take care of everything for you!<\/strong><\/p>\n\t\t\t\t\t\t<\/div>\n\t\t\t\t<\/div>\n\t\t\t\t\t<\/div>\n\t\t<\/div>\n\t\t\t\t\t<\/div>\n\t\t<\/section>\n\t\t\t\t<\/div>\n\t\t","protected":false},"excerpt":{"rendered":"<p>Mission Our mission is to create unforgettable journeys that combine quality, comfort, and a personalized approach to each client. We strive to deliver exceptional experiences that will last a lifetime, discovering the beauty of the world in a way tailored to the individual needs and dreams of each traveler. Vision We want to become a&#8230;<\/p>\n","protected":false},"author":2,"featured_media":0,"parent":0,"menu_order":0,"comment_status":"closed","ping_status":"closed","template":"","meta":{"_monsterinsights_skip_tracking":false,"_monsterinsights_sitenote_active":false,"_monsterinsights_sitenote_note":"","_monsterinsights_sitenote_category":0,"_kad_post_transparent":"","_kad_post_title":"hide","_kad_post_layout":"fullwidth","_kad_post_sidebar_id":"","_kad_post_content_style":"","_kad_post_vertical_padding":"hide","_kad_post_feature":"","_kad_post_feature_position":"","_kad_post_header":false,"_kad_post_footer":false,"footnotes":""},"class_list":["post-2391","page","type-page","status-publish","hentry"],"acf":[],"_links":{"self":[{"href":"https:\/\/thecinnamontours.pl\/en\/wp-json\/wp\/v2\/pages\/2391","targetHints":{"allow":["GET"]}}],"collection":[{"href":"https:\/\/thecinnamontours.pl\/en\/wp-json\/wp\/v2\/pages"}],"about":[{"href":"https:\/\/thecinnamontours.pl\/en\/wp-json\/wp\/v2\/types\/page"}],"author":[{"embeddable":true,"href":"https:\/\/thecinnamontours.pl\/en\/wp-json\/wp\/v2\/users\/2"}],"replies":[{"embeddable":true,"href":"https:\/\/thecinnamontours.pl\/en\/wp-json\/wp\/v2\/comments?post=2391"}],"version-history":[{"count":2,"href":"https:\/\/thecinnamontours.pl\/en\/wp-json\/wp\/v2\/pages\/2391\/revisions"}],"predecessor-version":[{"id":6872,"href":"https:\/\/thecinnamontours.pl\/en\/wp-json\/wp\/v2\/pages\/2391\/revisions\/6872"}],"wp:attachment":[{"href":"https:\/\/thecinnamontours.pl\/en\/wp-json\/wp\/v2\/media?parent=2391"}],"curies":[{"name":"wp","href":"https:\/\/api.w.org\/{rel}","templated":true}]}}